{"id":9699,"date":"2024-03-09T07:19:16","date_gmt":"2024-03-09T00:19:16","guid":{"rendered":"https:\/\/ivoryfallsvilla.com\/9699-2\/"},"modified":"2024-03-09T07:19:16","modified_gmt":"2024-03-09T00:19:16","slug":"9699-2","status":"publish","type":"page","link":"https:\/\/ivoryfallsvilla.com\/vi\/9699-2\/","title":{"rendered":""},"content":{"rendered":"\t\t<div data-elementor-type=\"wp-page\" data-elementor-id=\"9699\" class=\"elementor elementor-9699\" data-elementor-post-type=\"page\">\n\t\t\t\t\t\t\t<div class=\"elementor-element elementor-element-93fd8d0 e-flex e-con-boxed wpr-particle-no wpr-jarallax-no wpr-parallax-no wpr-sticky-section-no e-con e-parent\" data-id=\"93fd8d0\" data-element_type=\"container\" data-settings=\"{&quot;content_width&quot;:&quot;boxed&quot;}\" data-core-v316-plus=\"true\">\n\t\t\t\t\t<div class=\"e-con-inner\">\n\t\t\t\t<div class=\"elementor-element elementor-element-d323333 elementor-widget elementor-widget-heading\" data-id=\"d323333\" data-element_type=\"widget\" data-widget_type=\"heading.default\">\n\t\t\t\t<div class=\"elementor-widget-container\">\n\t\t\t<style>\/*! elementor - v3.18.0 - 20-12-2023 *\/\n.elementor-heading-title{padding:0;margin:0;line-height:1}.elementor-widget-heading .elementor-heading-title[class*=elementor-size-]>a{color:inherit;font-size:inherit;line-height:inherit}.elementor-widget-heading .elementor-heading-title.elementor-size-small{font-size:15px}.elementor-widget-heading .elementor-heading-title.elementor-size-medium{font-size:19px}.elementor-widget-heading .elementor-heading-title.elementor-size-large{font-size:29px}.elementor-widget-heading .elementor-heading-title.elementor-size-xl{font-size:39px}.elementor-widget-heading .elementor-heading-title.elementor-size-xxl{font-size:59px}<\/style><h2 class=\"elementor-heading-title elementor-size-default\">Combining Pine Forest Walking in the Li Li Ang Waterfall Tour<\/h2>\t\t<\/div>\n\t\t\t\t<\/div>\n\t\t\t\t\t<\/div>\n\t\t\t\t<\/div>\n\t\t<div class=\"elementor-element elementor-element-7bab558 e-con-full e-flex wpr-particle-no wpr-jarallax-no wpr-parallax-no wpr-sticky-section-no e-con e-parent\" data-id=\"7bab558\" data-element_type=\"container\" data-settings=\"{&quot;content_width&quot;:&quot;full&quot;}\" data-core-v316-plus=\"true\">\n\t\t\t\t<div class=\"elementor-element elementor-element-184df1a elementor-widget elementor-widget-image\" data-id=\"184df1a\" data-element_type=\"widget\" data-widget_type=\"image.default\">\n\t\t\t\t<div class=\"elementor-widget-container\">\n\t\t\t<style>\/*! elementor - v3.18.0 - 20-12-2023 *\/\n.elementor-widget-image{text-align:center}.elementor-widget-image a{display:inline-block}.elementor-widget-image a img[src$=\".svg\"]{width:48px}.elementor-widget-image img{vertical-align:middle;display:inline-block}<\/style>\t\t\t\t\t\t\t\t\t\t\t\t<img fetchpriority=\"high\" decoding=\"async\" width=\"1280\" height=\"720\" src=\"https:\/\/ivoryfallsvilla.com\/wp-content\/uploads\/2024\/03\/images2456677_hinh_1_66.jpg\" class=\"attachment-full size-full wp-image-7829\" alt=\"\" srcset=\"https:\/\/ivoryfallsvilla.com\/wp-content\/uploads\/2024\/03\/images2456677_hinh_1_66.jpg 1280w, https:\/\/ivoryfallsvilla.com\/wp-content\/uploads\/2024\/03\/images2456677_hinh_1_66-300x169.jpg 300w, https:\/\/ivoryfallsvilla.com\/wp-content\/uploads\/2024\/03\/images2456677_hinh_1_66-1024x576.jpg 1024w, https:\/\/ivoryfallsvilla.com\/wp-content\/uploads\/2024\/03\/images2456677_hinh_1_66-768x432.jpg 768w\" sizes=\"(max-width: 1280px) 100vw, 1280px\" \/>\t\t\t\t\t\t\t\t\t\t\t\t\t\t\t<\/div>\n\t\t\t\t<\/div>\n\t\t\t\t<div class=\"elementor-element elementor-element-3f956e4 elementor-widget elementor-widget-text-editor\" data-id=\"3f956e4\" data-element_type=\"widget\" data-widget_type=\"text-editor.default\">\n\t\t\t\t<div class=\"elementor-widget-container\">\n\t\t\t<style>\/*! elementor - v3.18.0 - 20-12-2023 *\/\n.elementor-widget-text-editor.elementor-drop-cap-view-stacked .elementor-drop-cap{background-color:#69727d;color:#fff}.elementor-widget-text-editor.elementor-drop-cap-view-framed .elementor-drop-cap{color:#69727d;border:3px solid;background-color:transparent}.elementor-widget-text-editor:not(.elementor-drop-cap-view-default) .elementor-drop-cap{margin-top:8px}.elementor-widget-text-editor:not(.elementor-drop-cap-view-default) .elementor-drop-cap-letter{width:1em;height:1em}.elementor-widget-text-editor .elementor-drop-cap{float:left;text-align:center;line-height:1;font-size:50px}.elementor-widget-text-editor .elementor-drop-cap-letter{display:inline-block}<\/style>\t\t\t\t<p><strong>Li Li Ang Waterfall Tour<\/strong> from Ivory Falls Villa takes you to a pristine and majestic natural landscape, where you can enjoy the fresh air and immerse yourself in the peaceful life of the locals.<\/p><p><strong>Tour itinerary:<\/strong><\/p><ul><li data-sourcepos=\"7:1-7:42\">8:00 AM &#8211; Depart from Ivory Falls Villa.<\/li><li data-sourcepos=\"73:5-73:43\">Trekking, explore the primary forest.<\/li><li data-sourcepos=\"73:5-73:43\">Camping, picnicking by the waterfall.<\/li><li data-sourcepos=\"75:5-75:46\">Swimming in the stream, taking pictures.<\/li><li data-sourcepos=\"73:5-73:43\">Pine forest about 7 km away, walk and picnic lunch at the Pine forest . Then return to Ivory Falls Villa.<\/li><\/ul><p><strong>Tour price:<\/strong><\/p><ul><li>Group of 2-4 people: 1,000,000VND \/ person<\/li><li>Group of 2-4 people: 1,000,000VND \/ person<\/li><\/ul><p><strong>Notes:<\/strong><\/p><ul><li data-sourcepos=\"32:1-32:63\">Visitors should bring sunscreen, hats, insect repellent, etc.<\/li><li data-sourcepos=\"33:1-33:35\">Wear shoes suitable for trekking.<\/li><li data-sourcepos=\"34:1-35:0\">Book the tour in advance to secure a spot.<\/li><\/ul><p><strong>Contact:<\/strong><\/p><ul><li data-sourcepos=\"38:1-38:19\">Ivory Falls Villa &#8211; 13b Hang Hai, Gung Re village Di Linh, Vietnam<\/li><li data-sourcepos=\"38:1-38:19\">Hotline: +84 919507700<\/li><li data-sourcepos=\"38:1-38:19\"><a class=\"email\" href=\"mailto:Email:%20info@ivoryfallsvilla.com\">Email: info@ivoryfallsvilla.com<\/a><\/li><\/ul>\t\t\t\t\t\t<\/div>\n\t\t\t\t<\/div>\n\t\t\t\t<\/div>\n\t\t\t\t\t\t\t<\/div>\n\t\t","protected":false},"excerpt":{"rendered":"<p>K\u1ebft H\u1ee3p \u0110i B\u1ed9 Trong R\u1eebng Th\u00f4ng v\u00e0 Tour Th\u00e1c Liliang Tour Th\u00e1c Li Li Ang t\u1eeb Ivory Falls Villa s\u1ebd \u0111\u01b0a b\u1ea1n \u0111\u1ebfn v\u1edbi m\u1ed9t c\u1ea3nh quan t\u1ef1 nhi\u00ean hoang s\u01a1 v\u00e0 tr\u00e1ng l\u1ec7, n\u01a1i b\u1ea1n c\u00f3 th\u1ec3 th\u01b0\u1edfng th\u1ee9c kh\u00f4ng kh\u00ed trong l\u00e0nh v\u00e0 \u0111\u1eafm ch\u00ecm trong cu\u1ed9c s\u1ed1ng b\u00ecnh d\u1ecb c\u1ee7a ng\u01b0\u1eddi [&hellip;]<\/p>\n","protected":false},"author":1,"featured_media":0,"parent":0,"menu_order":0,"comment_status":"closed","ping_status":"closed","template":"","meta":{"footnotes":""},"yoast_head":"<!-- This site is optimized with the Yoast SEO plugin v18.1 - https:\/\/yoast.com\/wordpress\/plugins\/seo\/ -->\n<title>- Ivory Falls Villa<\/title>\n<meta name=\"robots\" content=\"index, follow, max-snippet:-1, max-image-preview:large, max-video-preview:-1\" \/>\n<link rel=\"canonical\" href=\"https:\/\/ivoryfallsvilla.com\/9699-2\/\" \/>\n<meta property=\"og:locale\" content=\"vi_VN\" \/>\n<meta property=\"og:type\" content=\"article\" \/>\n<meta property=\"og:title\" content=\"- Ivory Falls Villa\" \/>\n<meta property=\"og:description\" content=\"K\u1ebft H\u1ee3p \u0110i B\u1ed9 Trong R\u1eebng Th\u00f4ng v\u00e0 Tour Th\u00e1c Liliang Tour Th\u00e1c Li Li Ang t\u1eeb Ivory Falls Villa s\u1ebd \u0111\u01b0a b\u1ea1n \u0111\u1ebfn v\u1edbi m\u1ed9t c\u1ea3nh quan t\u1ef1 nhi\u00ean hoang s\u01a1 v\u00e0 tr\u00e1ng l\u1ec7, n\u01a1i b\u1ea1n c\u00f3 th\u1ec3 th\u01b0\u1edfng th\u1ee9c kh\u00f4ng kh\u00ed trong l\u00e0nh v\u00e0 \u0111\u1eafm ch\u00ecm trong cu\u1ed9c s\u1ed1ng b\u00ecnh d\u1ecb c\u1ee7a ng\u01b0\u1eddi [&hellip;]\" \/>\n<meta property=\"og:url\" content=\"https:\/\/ivoryfallsvilla.com\/9699-2\/\" \/>\n<meta property=\"og:site_name\" content=\"Ivory Falls Villa\" \/>\n<meta property=\"article:publisher\" content=\"https:\/\/www.facebook.com\/Ivory-Falls-Villa-Di-Linh-Lam-Dong-Vietnam-317480985616475\" \/>\n<meta property=\"og:image\" content=\"https:\/\/ivoryfallsvilla.com\/wp-content\/uploads\/2024\/03\/images2456677_hinh_1_66.jpg\" \/>\n<meta name=\"twitter:card\" content=\"summary_large_image\" \/>\n<meta name=\"twitter:label1\" content=\"Est. reading time\" \/>\n\t<meta name=\"twitter:data1\" content=\"1 minute\" \/>\n<script type=\"application\/ld+json\" class=\"yoast-schema-graph\">{\"@context\":\"https:\/\/schema.org\",\"@graph\":[{\"@type\":\"Organization\",\"@id\":\"https:\/\/ivoryfallsvilla.com\/#organization\",\"name\":\"Ivory Falls Villa\",\"url\":\"https:\/\/ivoryfallsvilla.com\/\",\"sameAs\":[\"https:\/\/www.facebook.com\/Ivory-Falls-Villa-Di-Linh-Lam-Dong-Vietnam-317480985616475\"],\"logo\":{\"@type\":\"ImageObject\",\"@id\":\"https:\/\/ivoryfallsvilla.com\/#logo\",\"inLanguage\":\"vi-VN\",\"url\":\"https:\/\/ivoryfallsvilla.com\/wp-content\/uploads\/2022\/02\/IvoryFalls-logo.png\",\"contentUrl\":\"https:\/\/ivoryfallsvilla.com\/wp-content\/uploads\/2022\/02\/IvoryFalls-logo.png\",\"width\":1494,\"height\":934,\"caption\":\"Ivory Falls Villa\"},\"image\":{\"@id\":\"https:\/\/ivoryfallsvilla.com\/#logo\"}},{\"@type\":\"WebSite\",\"@id\":\"https:\/\/ivoryfallsvilla.com\/#website\",\"url\":\"https:\/\/ivoryfallsvilla.com\/\",\"name\":\"Ivory Falls Villa\",\"description\":\"Managed by Full Moon Group\",\"publisher\":{\"@id\":\"https:\/\/ivoryfallsvilla.com\/#organization\"},\"potentialAction\":[{\"@type\":\"SearchAction\",\"target\":{\"@type\":\"EntryPoint\",\"urlTemplate\":\"https:\/\/ivoryfallsvilla.com\/?s={search_term_string}\"},\"query-input\":\"required name=search_term_string\"}],\"inLanguage\":\"vi-VN\"},{\"@type\":\"ImageObject\",\"@id\":\"https:\/\/ivoryfallsvilla.com\/9699-2\/#primaryimage\",\"inLanguage\":\"vi-VN\",\"url\":\"https:\/\/ivoryfallsvilla.com\/wp-content\/uploads\/2024\/03\/images2456677_hinh_1_66.jpg\",\"contentUrl\":\"https:\/\/ivoryfallsvilla.com\/wp-content\/uploads\/2024\/03\/images2456677_hinh_1_66.jpg\",\"width\":1280,\"height\":720},{\"@type\":\"WebPage\",\"@id\":\"https:\/\/ivoryfallsvilla.com\/9699-2\/#webpage\",\"url\":\"https:\/\/ivoryfallsvilla.com\/9699-2\/\",\"name\":\"- Ivory Falls Villa\",\"isPartOf\":{\"@id\":\"https:\/\/ivoryfallsvilla.com\/#website\"},\"primaryImageOfPage\":{\"@id\":\"https:\/\/ivoryfallsvilla.com\/9699-2\/#primaryimage\"},\"datePublished\":\"2024-03-09T00:19:16+00:00\",\"dateModified\":\"2024-03-09T00:19:16+00:00\",\"breadcrumb\":{\"@id\":\"https:\/\/ivoryfallsvilla.com\/9699-2\/#breadcrumb\"},\"inLanguage\":\"vi-VN\",\"potentialAction\":[{\"@type\":\"ReadAction\",\"target\":[\"https:\/\/ivoryfallsvilla.com\/9699-2\/\"]}]},{\"@type\":\"BreadcrumbList\",\"@id\":\"https:\/\/ivoryfallsvilla.com\/9699-2\/#breadcrumb\",\"itemListElement\":[{\"@type\":\"ListItem\",\"position\":1,\"name\":\"Home\",\"item\":\"https:\/\/ivoryfallsvilla.com\/vi\/trang-chu\/\"},{\"@type\":\"ListItem\",\"position\":2,\"name\":\"\"}]}]}<\/script>\n<!-- \/ Yoast SEO plugin. -->","yoast_head_json":{"title":"- Ivory Falls Villa","robots":{"index":"index","follow":"follow","max-snippet":"max-snippet:-1","max-image-preview":"max-image-preview:large","max-video-preview":"max-video-preview:-1"},"canonical":"https:\/\/ivoryfallsvilla.com\/9699-2\/","og_locale":"vi_VN","og_type":"article","og_title":"- Ivory Falls Villa","og_description":"K\u1ebft H\u1ee3p \u0110i B\u1ed9 Trong R\u1eebng Th\u00f4ng v\u00e0 Tour Th\u00e1c Liliang Tour Th\u00e1c Li Li Ang t\u1eeb Ivory Falls Villa s\u1ebd \u0111\u01b0a b\u1ea1n \u0111\u1ebfn v\u1edbi m\u1ed9t c\u1ea3nh quan t\u1ef1 nhi\u00ean hoang s\u01a1 v\u00e0 tr\u00e1ng l\u1ec7, n\u01a1i b\u1ea1n c\u00f3 th\u1ec3 th\u01b0\u1edfng th\u1ee9c kh\u00f4ng kh\u00ed trong l\u00e0nh v\u00e0 \u0111\u1eafm ch\u00ecm trong cu\u1ed9c s\u1ed1ng b\u00ecnh d\u1ecb c\u1ee7a ng\u01b0\u1eddi [&hellip;]","og_url":"https:\/\/ivoryfallsvilla.com\/9699-2\/","og_site_name":"Ivory Falls Villa","article_publisher":"https:\/\/www.facebook.com\/Ivory-Falls-Villa-Di-Linh-Lam-Dong-Vietnam-317480985616475","og_image":[{"url":"https:\/\/ivoryfallsvilla.com\/wp-content\/uploads\/2024\/03\/images2456677_hinh_1_66.jpg"}],"twitter_card":"summary_large_image","twitter_misc":{"Est. reading time":"1 minute"},"schema":{"@context":"https:\/\/schema.org","@graph":[{"@type":"Organization","@id":"https:\/\/ivoryfallsvilla.com\/#organization","name":"Ivory Falls Villa","url":"https:\/\/ivoryfallsvilla.com\/","sameAs":["https:\/\/www.facebook.com\/Ivory-Falls-Villa-Di-Linh-Lam-Dong-Vietnam-317480985616475"],"logo":{"@type":"ImageObject","@id":"https:\/\/ivoryfallsvilla.com\/#logo","inLanguage":"vi-VN","url":"https:\/\/ivoryfallsvilla.com\/wp-content\/uploads\/2022\/02\/IvoryFalls-logo.png","contentUrl":"https:\/\/ivoryfallsvilla.com\/wp-content\/uploads\/2022\/02\/IvoryFalls-logo.png","width":1494,"height":934,"caption":"Ivory Falls Villa"},"image":{"@id":"https:\/\/ivoryfallsvilla.com\/#logo"}},{"@type":"WebSite","@id":"https:\/\/ivoryfallsvilla.com\/#website","url":"https:\/\/ivoryfallsvilla.com\/","name":"Ivory Falls Villa","description":"Managed by Full Moon Group","publisher":{"@id":"https:\/\/ivoryfallsvilla.com\/#organization"},"potentialAction":[{"@type":"SearchAction","target":{"@type":"EntryPoint","urlTemplate":"https:\/\/ivoryfallsvilla.com\/?s={search_term_string}"},"query-input":"required name=search_term_string"}],"inLanguage":"vi-VN"},{"@type":"ImageObject","@id":"https:\/\/ivoryfallsvilla.com\/9699-2\/#primaryimage","inLanguage":"vi-VN","url":"https:\/\/ivoryfallsvilla.com\/wp-content\/uploads\/2024\/03\/images2456677_hinh_1_66.jpg","contentUrl":"https:\/\/ivoryfallsvilla.com\/wp-content\/uploads\/2024\/03\/images2456677_hinh_1_66.jpg","width":1280,"height":720},{"@type":"WebPage","@id":"https:\/\/ivoryfallsvilla.com\/9699-2\/#webpage","url":"https:\/\/ivoryfallsvilla.com\/9699-2\/","name":"- Ivory Falls Villa","isPartOf":{"@id":"https:\/\/ivoryfallsvilla.com\/#website"},"primaryImageOfPage":{"@id":"https:\/\/ivoryfallsvilla.com\/9699-2\/#primaryimage"},"datePublished":"2024-03-09T00:19:16+00:00","dateModified":"2024-03-09T00:19:16+00:00","breadcrumb":{"@id":"https:\/\/ivoryfallsvilla.com\/9699-2\/#breadcrumb"},"inLanguage":"vi-VN","potentialAction":[{"@type":"ReadAction","target":["https:\/\/ivoryfallsvilla.com\/9699-2\/"]}]},{"@type":"BreadcrumbList","@id":"https:\/\/ivoryfallsvilla.com\/9699-2\/#breadcrumb","itemListElement":[{"@type":"ListItem","position":1,"name":"Home","item":"https:\/\/ivoryfallsvilla.com\/vi\/trang-chu\/"},{"@type":"ListItem","position":2,"name":""}]}]}},"_links":{"self":[{"href":"https:\/\/ivoryfallsvilla.com\/vi\/wp-json\/wp\/v2\/pages\/9699"}],"collection":[{"href":"https:\/\/ivoryfallsvilla.com\/vi\/wp-json\/wp\/v2\/pages"}],"about":[{"href":"https:\/\/ivoryfallsvilla.com\/vi\/wp-json\/wp\/v2\/types\/page"}],"author":[{"embeddable":true,"href":"https:\/\/ivoryfallsvilla.com\/vi\/wp-json\/wp\/v2\/users\/1"}],"replies":[{"embeddable":true,"href":"https:\/\/ivoryfallsvilla.com\/vi\/wp-json\/wp\/v2\/comments?post=9699"}],"version-history":[{"count":0,"href":"https:\/\/ivoryfallsvilla.com\/vi\/wp-json\/wp\/v2\/pages\/9699\/revisions"}],"wp:attachment":[{"href":"https:\/\/ivoryfallsvilla.com\/vi\/wp-json\/wp\/v2\/media?parent=9699"}],"curies":[{"name":"wp","href":"https:\/\/api.w.org\/{rel}","templated":true}]}}